{"id":140,"date":"2021-10-14T10:17:33","date_gmt":"2021-10-14T10:17:33","guid":{"rendered":"http:\/\/fruitstore.ththeme.net\/?page_id=140"},"modified":"2023-10-25T18:30:26","modified_gmt":"2023-10-25T16:30:26","slug":"blog-grid","status":"publish","type":"page","link":"https:\/\/manzanasesperiegas.com\/index.php\/blog-grid\/","title":{"rendered":"Blog"},"content":{"rendered":"\t\t<div data-elementor-type=\"wp-page\" data-elementor-id=\"140\" class=\"elementor elementor-140\">\n\t\t\t\t\t\t<section class=\"elementor-section elementor-top-section elementor-element elementor-element-9752040 elementor-section-boxed elementor-section-height-default elementor-section-height-default\" data-id=\"9752040\" data-element_type=\"section\" data-settings=\"{&quot;background_background&quot;:&quot;classic&quot;}\">\n\t\t\t\t\t\t\t<div class=\"elementor-background-overlay\"><\/div>\n\t\t\t\t\t\t\t<div class=\"elementor-container elementor-column-gap-default\">\n\t\t\t\t\t<div class=\"elementor-column elementor-col-100 elementor-top-column elementor-element elementor-element-a0229a5\" data-id=\"a0229a5\" data-element_type=\"column\">\n\t\t\t<div class=\"elementor-widget-wrap elementor-element-populated\">\n\t\t\t\t\t\t<div class=\"elementor-element elementor-element-f05eab8 elementor-widget elementor-widget-heading\" data-id=\"f05eab8\" data-element_type=\"widget\" data-widget_type=\"heading.default\">\n\t\t\t\t<div class=\"elementor-widget-container\">\n\t\t\t<h2 class=\"elementor-heading-title elementor-size-default\">Noticias Blog<\/h2>\t\t<\/div>\n\t\t\t\t<\/div>\n\t\t\t\t<div class=\"elementor-element elementor-element-82bbaba elementor-widget elementor-widget-th-breadcrumb\" data-id=\"82bbaba\" data-element_type=\"widget\" data-widget_type=\"th-breadcrumb.default\">\n\t\t\t\t<div class=\"elementor-widget-container\">\n\t\t\t<div class=\"wrap-bread-crumb wrap-bread-crumb-elementor breadcrumb-style2\">\r\n\t<div class=\"bread-crumb\">\r\n\t\t<a href=\"https:\/\/manzanasesperiegas.com\/\">Home<\/a>\t<\/div>\r\n<\/div>\t\t<\/div>\n\t\t\t\t<\/div>\n\t\t\t\t\t<\/div>\n\t\t<\/div>\n\t\t\t\t\t<\/div>\n\t\t<\/section>\n\t\t<div class=\"elementor-element elementor-element-7252f49 e-flex e-con-boxed e-con e-parent\" data-id=\"7252f49\" data-element_type=\"container\">\n\t\t\t\t\t<div class=\"e-con-inner\">\n\t\t\t\t\t<\/div>\n\t\t\t\t<\/div>\n\t\t<div class=\"elementor-element elementor-element-9038f39 e-flex e-con-boxed e-con e-parent\" data-id=\"9038f39\" data-element_type=\"container\">\n\t\t\t\t\t<div class=\"e-con-inner\">\n\t\t\t\t<div class=\"elementor-element elementor-element-9a0d9fd elementor-widget elementor-widget-th-posts\" data-id=\"9a0d9fd\" data-element_type=\"widget\" data-widget_type=\"th-posts.default\">\n\t\t\t\t<div class=\"elementor-widget-container\">\n\t\t\t    <div class=\"title-page clearfix top-filter\">\r\n                    <h2>Blog<\/h2>\r\n                            <ul class=\"sort-pagi-bar list-inline-block\">\r\n                                                <li>\r\n                    <div class=\"elth-dropdown-box show-by\">\r\n                        <a href=\"#\" class=\"dropdown-link\"><span class=\"gray\">Productos: <\/span><span class=\"number\">0<\/span><\/a>\r\n                        <ul class=\"elth-dropdown-list list-none\">\r\n                            <li><a data-number=\"10\" class=\"\" href=\"https:\/\/manzanasesperiegas.com\/index.php\/wp-json\/wp\/v2\/pages\/140\/?number=10\">10<\/a><\/li><li><a data-number=\"12\" class=\"\" href=\"https:\/\/manzanasesperiegas.com\/index.php\/wp-json\/wp\/v2\/pages\/140\/?number=12\">12<\/a><\/li><li><a data-number=\"16\" class=\"\" href=\"https:\/\/manzanasesperiegas.com\/index.php\/wp-json\/wp\/v2\/pages\/140\/?number=16\">16<\/a><\/li><li><a data-number=\"20\" class=\"\" href=\"https:\/\/manzanasesperiegas.com\/index.php\/wp-json\/wp\/v2\/pages\/140\/?number=20\">20<\/a><\/li><li><a data-number=\"24\" class=\"\" href=\"https:\/\/manzanasesperiegas.com\/index.php\/wp-json\/wp\/v2\/pages\/140\/?number=24\">24<\/a><\/li>                        <\/ul>\r\n                    <\/div>\r\n                <\/li>\r\n                                                <li>\r\n                    <div class=\"view-type\">\r\n                        <a data-type=\"grid\" href=\"https:\/\/manzanasesperiegas.com\/index.php\/wp-json\/wp\/v2\/pages\/140\/?type=grid\" class=\"grid-view  active\"><i class=\"la la-th\"><\/i><\/a>\r\n                        <a data-type=\"list\" href=\"https:\/\/manzanasesperiegas.com\/index.php\/wp-json\/wp\/v2\/pages\/140\/?type=list\" class=\"list-view  \"><i class=\"la la-list\"><\/i><\/a>\r\n                    <\/div>\r\n                <\/li>\r\n                            <\/ul>\r\n            <\/div>\r\n<div class=\"elth-posts-wrap js-content-wrap wrap-box blog-grid-view \" data-column=\"3\" data-column-tablet=\"\" data-column-mobile=\"\">\t<div class=\"js-content-main list-post-wrap row wrap-grid-style1\">    \t<div class=\"list-col-item list-3-item list--item-tablet list--item-laptop list--item-tablet-extra list--item-mobile\"><div class=\"item-post item-post-style1\">            <div class=\"post-thumb overlay-image zoom-image\">\r\n            <a href=\"https:\/\/manzanasesperiegas.com\/index.php\/2023\/10\/25\/la-manzana-esperiega-en-el-mercado-digital-por-que-comprar-online\/\" class=\"adv-thumb-link elementor-animation-\">\r\n                <img fetchpriority=\"high\" decoding=\"async\" width=\"640\" height=\"428\" src=\"https:\/\/manzanasesperiegas.com\/wp-content\/uploads\/2023\/10\/apples-3688996_640.jpg\" class=\"attachment-large size-large wp-post-image\" alt=\"\" srcset=\"https:\/\/manzanasesperiegas.com\/wp-content\/uploads\/2023\/10\/apples-3688996_640.jpg 640w, https:\/\/manzanasesperiegas.com\/wp-content\/uploads\/2023\/10\/apples-3688996_640-300x200.jpg 300w, https:\/\/manzanasesperiegas.com\/wp-content\/uploads\/2023\/10\/apples-3688996_640-600x401.jpg 600w, https:\/\/manzanasesperiegas.com\/wp-content\/uploads\/2023\/10\/apples-3688996_640-270x180.jpg 270w\" sizes=\"(max-width: 640px) 100vw, 640px\" \/>            <\/a>\r\n        <\/div>\r\n        <div class=\"post-info\">\r\n                        <ul class=\"list-inline-block post-meta-data\">\r\n                                                        <li class=\"meta-item\"><i class=\"la la-user\" aria-hidden=\"true\"><\/i><a href=\"https:\/\/manzanasesperiegas.com\/index.php\/author\/manzaespe\/\">ManzaEspe<\/a><\/li>\r\n                                    <li class=\"split\">|<\/li>                                                                        <li class=\"meta-item\"><i class=\"la la-calendar\"><\/i><span class=\"silver\">25 de octubre de 2023<\/span><\/li>\r\n                                                                                        <\/ul>               \r\n                        <h3 class=\"title18 post-title\"><a href=\"https:\/\/manzanasesperiegas.com\/index.php\/2023\/10\/25\/la-manzana-esperiega-en-el-mercado-digital-por-que-comprar-online\/\">La Manzana Esperiega en el Mercado Digital: \u00bfPor qu\u00e9 comprar online?<\/a><\/h3>        <p class=\"desc\">Las manzanas esperiegas, con su dulzura caracter\u00edstica y su piel rojiza, son un<\/p>                    <div class=\"readmore-wrap\">\r\n                <a href=\"https:\/\/manzanasesperiegas.com\/index.php\/2023\/10\/25\/la-manzana-esperiega-en-el-mercado-digital-por-que-comprar-online\/\" class=\"elth-bt-default\">\r\n                                        Read more   \r\n                                        \r\n                <\/a>\r\n            <\/div>\r\n            <\/div>\r\n<\/div>\r\n<\/div><div class=\"list-col-item list-3-item list--item-tablet list--item-laptop list--item-tablet-extra list--item-mobile\"><div class=\"item-post item-post-style1\">            <div class=\"post-thumb overlay-image zoom-image\">\r\n            <a href=\"https:\/\/manzanasesperiegas.com\/index.php\/2023\/10\/25\/el-proceso-de-cultivo-del-arbol-al-consumidor\/\" class=\"adv-thumb-link elementor-animation-\">\r\n                <img decoding=\"async\" width=\"640\" height=\"409\" src=\"https:\/\/manzanasesperiegas.com\/wp-content\/uploads\/2023\/10\/apples-1873078_640.jpg\" class=\"attachment-large size-large wp-post-image\" alt=\"\" srcset=\"https:\/\/manzanasesperiegas.com\/wp-content\/uploads\/2023\/10\/apples-1873078_640.jpg 640w, https:\/\/manzanasesperiegas.com\/wp-content\/uploads\/2023\/10\/apples-1873078_640-300x192.jpg 300w, https:\/\/manzanasesperiegas.com\/wp-content\/uploads\/2023\/10\/apples-1873078_640-600x383.jpg 600w\" sizes=\"(max-width: 640px) 100vw, 640px\" \/>            <\/a>\r\n        <\/div>\r\n        <div class=\"post-info\">\r\n                        <ul class=\"list-inline-block post-meta-data\">\r\n                                                        <li class=\"meta-item\"><i class=\"la la-user\" aria-hidden=\"true\"><\/i><a href=\"https:\/\/manzanasesperiegas.com\/index.php\/author\/manzaespe\/\">ManzaEspe<\/a><\/li>\r\n                                    <li class=\"split\">|<\/li>                                                                        <li class=\"meta-item\"><i class=\"la la-calendar\"><\/i><span class=\"silver\">25 de octubre de 2023<\/span><\/li>\r\n                                                                                        <\/ul>               \r\n                        <h3 class=\"title18 post-title\"><a href=\"https:\/\/manzanasesperiegas.com\/index.php\/2023\/10\/25\/el-proceso-de-cultivo-del-arbol-al-consumidor\/\">El Proceso de Cultivo: Del \u00c1rbol al Consumidor<\/a><\/h3>        <p class=\"desc\">Los valles que pintan el paisaje del Rinc\u00f3n de Ademuz han sido testigo de innumerablesgeneraciones<\/p>                    <div class=\"readmore-wrap\">\r\n                <a href=\"https:\/\/manzanasesperiegas.com\/index.php\/2023\/10\/25\/el-proceso-de-cultivo-del-arbol-al-consumidor\/\" class=\"elth-bt-default\">\r\n                                        Read more   \r\n                                        \r\n                <\/a>\r\n            <\/div>\r\n            <\/div>\r\n<\/div>\r\n<\/div><div class=\"list-col-item list-3-item list--item-tablet list--item-laptop list--item-tablet-extra list--item-mobile\"><div class=\"item-post item-post-style1\">            <div class=\"post-thumb overlay-image zoom-image\">\r\n            <a href=\"https:\/\/manzanasesperiegas.com\/index.php\/2023\/10\/25\/apoyando-lo-local-las-manzanas-esperiegas-y-la-revalorizacion-de-lo-rural\/\" class=\"adv-thumb-link elementor-animation-\">\r\n                <img decoding=\"async\" width=\"640\" height=\"427\" src=\"https:\/\/manzanasesperiegas.com\/wp-content\/uploads\/2023\/10\/apples-1841132_640.jpg\" class=\"attachment-large size-large wp-post-image\" alt=\"\" srcset=\"https:\/\/manzanasesperiegas.com\/wp-content\/uploads\/2023\/10\/apples-1841132_640.jpg 640w, https:\/\/manzanasesperiegas.com\/wp-content\/uploads\/2023\/10\/apples-1841132_640-300x200.jpg 300w, https:\/\/manzanasesperiegas.com\/wp-content\/uploads\/2023\/10\/apples-1841132_640-600x400.jpg 600w, https:\/\/manzanasesperiegas.com\/wp-content\/uploads\/2023\/10\/apples-1841132_640-270x180.jpg 270w\" sizes=\"(max-width: 640px) 100vw, 640px\" \/>            <\/a>\r\n        <\/div>\r\n        <div class=\"post-info\">\r\n                        <ul class=\"list-inline-block post-meta-data\">\r\n                                                        <li class=\"meta-item\"><i class=\"la la-user\" aria-hidden=\"true\"><\/i><a href=\"https:\/\/manzanasesperiegas.com\/index.php\/author\/manzaespe\/\">ManzaEspe<\/a><\/li>\r\n                                    <li class=\"split\">|<\/li>                                                                        <li class=\"meta-item\"><i class=\"la la-calendar\"><\/i><span class=\"silver\">25 de octubre de 2023<\/span><\/li>\r\n                                                                                        <\/ul>               \r\n                        <h3 class=\"title18 post-title\"><a href=\"https:\/\/manzanasesperiegas.com\/index.php\/2023\/10\/25\/apoyando-lo-local-las-manzanas-esperiegas-y-la-revalorizacion-de-lo-rural\/\">Apoyando lo local: Las Manzanas Esperiegas y la Revalorizaci\u00f3n de lo Rural<\/a><\/h3>        <p class=\"desc\">En los tiempos actuales, donde la globalizaci\u00f3n y la velocidad con la que vivimos<\/p>                    <div class=\"readmore-wrap\">\r\n                <a href=\"https:\/\/manzanasesperiegas.com\/index.php\/2023\/10\/25\/apoyando-lo-local-las-manzanas-esperiegas-y-la-revalorizacion-de-lo-rural\/\" class=\"elth-bt-default\">\r\n                                        Read more   \r\n                                        \r\n                <\/a>\r\n            <\/div>\r\n            <\/div>\r\n<\/div>\r\n<\/div><div class=\"list-col-item list-3-item list--item-tablet list--item-laptop list--item-tablet-extra list--item-mobile\"><div class=\"item-post item-post-style1\">            <div class=\"post-thumb overlay-image zoom-image\">\r\n            <a href=\"https:\/\/manzanasesperiegas.com\/index.php\/2023\/10\/25\/recetas-tradicionales-y-modernas-con-manzana-esperiega\/\" class=\"adv-thumb-link elementor-animation-\">\r\n                <img loading=\"lazy\" decoding=\"async\" width=\"640\" height=\"427\" src=\"https:\/\/manzanasesperiegas.com\/wp-content\/uploads\/2023\/10\/cake-1166447_640.jpg\" class=\"attachment-large size-large wp-post-image\" alt=\"\" srcset=\"https:\/\/manzanasesperiegas.com\/wp-content\/uploads\/2023\/10\/cake-1166447_640.jpg 640w, https:\/\/manzanasesperiegas.com\/wp-content\/uploads\/2023\/10\/cake-1166447_640-300x200.jpg 300w, https:\/\/manzanasesperiegas.com\/wp-content\/uploads\/2023\/10\/cake-1166447_640-600x400.jpg 600w, https:\/\/manzanasesperiegas.com\/wp-content\/uploads\/2023\/10\/cake-1166447_640-270x180.jpg 270w\" sizes=\"(max-width: 640px) 100vw, 640px\" \/>            <\/a>\r\n        <\/div>\r\n        <div class=\"post-info\">\r\n                        <ul class=\"list-inline-block post-meta-data\">\r\n                                                        <li class=\"meta-item\"><i class=\"la la-user\" aria-hidden=\"true\"><\/i><a href=\"https:\/\/manzanasesperiegas.com\/index.php\/author\/manzaespe\/\">ManzaEspe<\/a><\/li>\r\n                                    <li class=\"split\">|<\/li>                                                                        <li class=\"meta-item\"><i class=\"la la-calendar\"><\/i><span class=\"silver\">25 de octubre de 2023<\/span><\/li>\r\n                                                                                        <\/ul>               \r\n                        <h3 class=\"title18 post-title\"><a href=\"https:\/\/manzanasesperiegas.com\/index.php\/2023\/10\/25\/recetas-tradicionales-y-modernas-con-manzana-esperiega\/\">Recetas Tradicionales y Modernas con Manzana Esperiega<\/a><\/h3>        <p class=\"desc\">La manzana Esperiega del Rinc\u00f3n de Ademuz es una fruta que no solo destaca por sus<\/p>                    <div class=\"readmore-wrap\">\r\n                <a href=\"https:\/\/manzanasesperiegas.com\/index.php\/2023\/10\/25\/recetas-tradicionales-y-modernas-con-manzana-esperiega\/\" class=\"elth-bt-default\">\r\n                                        Read more   \r\n                                        \r\n                <\/a>\r\n            <\/div>\r\n            <\/div>\r\n<\/div>\r\n<\/div><div class=\"list-col-item list-3-item list--item-tablet list--item-laptop list--item-tablet-extra list--item-mobile\"><div class=\"item-post item-post-style1\">            <div class=\"post-thumb overlay-image zoom-image\">\r\n            <a href=\"https:\/\/manzanasesperiegas.com\/index.php\/2023\/10\/25\/beneficios-nutricionales-y-propiedades-de-la-manzana-esperiega\/\" class=\"adv-thumb-link elementor-animation-\">\r\n                <img loading=\"lazy\" decoding=\"async\" width=\"640\" height=\"426\" src=\"https:\/\/manzanasesperiegas.com\/wp-content\/uploads\/2023\/10\/IMG_9626.jpg\" class=\"attachment-large size-large wp-post-image\" alt=\"\" srcset=\"https:\/\/manzanasesperiegas.com\/wp-content\/uploads\/2023\/10\/IMG_9626.jpg 800w, https:\/\/manzanasesperiegas.com\/wp-content\/uploads\/2023\/10\/IMG_9626-300x200.jpg 300w, https:\/\/manzanasesperiegas.com\/wp-content\/uploads\/2023\/10\/IMG_9626-768x512.jpg 768w, https:\/\/manzanasesperiegas.com\/wp-content\/uploads\/2023\/10\/IMG_9626-600x400.jpg 600w, https:\/\/manzanasesperiegas.com\/wp-content\/uploads\/2023\/10\/IMG_9626-270x180.jpg 270w\" sizes=\"(max-width: 640px) 100vw, 640px\" \/>            <\/a>\r\n        <\/div>\r\n        <div class=\"post-info\">\r\n                        <ul class=\"list-inline-block post-meta-data\">\r\n                                                        <li class=\"meta-item\"><i class=\"la la-user\" aria-hidden=\"true\"><\/i><a href=\"https:\/\/manzanasesperiegas.com\/index.php\/author\/manzaespe\/\">ManzaEspe<\/a><\/li>\r\n                                    <li class=\"split\">|<\/li>                                                                        <li class=\"meta-item\"><i class=\"la la-calendar\"><\/i><span class=\"silver\">25 de octubre de 2023<\/span><\/li>\r\n                                                                                        <\/ul>               \r\n                        <h3 class=\"title18 post-title\"><a href=\"https:\/\/manzanasesperiegas.com\/index.php\/2023\/10\/25\/beneficios-nutricionales-y-propiedades-de-la-manzana-esperiega\/\">Beneficios Nutricionales y Propiedades de la Manzana Esperiega<\/a><\/h3>        <p class=\"desc\">Desde el bocado de Ad\u00e1n y Eva hasta el ic\u00f3nico logo de una famosa empresa tecnol\u00f3gica,<\/p>                    <div class=\"readmore-wrap\">\r\n                <a href=\"https:\/\/manzanasesperiegas.com\/index.php\/2023\/10\/25\/beneficios-nutricionales-y-propiedades-de-la-manzana-esperiega\/\" class=\"elth-bt-default\">\r\n                                        Read more   \r\n                                        \r\n                <\/a>\r\n            <\/div>\r\n            <\/div>\r\n<\/div>\r\n<\/div><div class=\"list-col-item list-3-item list--item-tablet list--item-laptop list--item-tablet-extra list--item-mobile\"><div class=\"item-post item-post-style1\">            <div class=\"post-thumb overlay-image zoom-image\">\r\n            <a href=\"https:\/\/manzanasesperiegas.com\/index.php\/2023\/10\/25\/historia-y-origen-de-la-manzana-esperiega\/\" class=\"adv-thumb-link elementor-animation-\">\r\n                <img loading=\"lazy\" decoding=\"async\" width=\"640\" height=\"480\" src=\"https:\/\/manzanasesperiegas.com\/wp-content\/uploads\/2023\/10\/esperieeegas-3.jpg\" class=\"attachment-large size-large wp-post-image\" alt=\"\" srcset=\"https:\/\/manzanasesperiegas.com\/wp-content\/uploads\/2023\/10\/esperieeegas-3.jpg 800w, https:\/\/manzanasesperiegas.com\/wp-content\/uploads\/2023\/10\/esperieeegas-3-300x225.jpg 300w, https:\/\/manzanasesperiegas.com\/wp-content\/uploads\/2023\/10\/esperieeegas-3-768x576.jpg 768w, https:\/\/manzanasesperiegas.com\/wp-content\/uploads\/2023\/10\/esperieeegas-3-600x450.jpg 600w\" sizes=\"(max-width: 640px) 100vw, 640px\" \/>            <\/a>\r\n        <\/div>\r\n        <div class=\"post-info\">\r\n                        <ul class=\"list-inline-block post-meta-data\">\r\n                                                        <li class=\"meta-item\"><i class=\"la la-user\" aria-hidden=\"true\"><\/i><a href=\"https:\/\/manzanasesperiegas.com\/index.php\/author\/manzaespe\/\">ManzaEspe<\/a><\/li>\r\n                                    <li class=\"split\">|<\/li>                                                                        <li class=\"meta-item\"><i class=\"la la-calendar\"><\/i><span class=\"silver\">25 de octubre de 2023<\/span><\/li>\r\n                                                                                        <\/ul>               \r\n                        <h3 class=\"title18 post-title\"><a href=\"https:\/\/manzanasesperiegas.com\/index.php\/2023\/10\/25\/historia-y-origen-de-la-manzana-esperiega\/\">Historia y Origen de la Manzana Esperiega<\/a><\/h3>        <p class=\"desc\">La manzana es una fruta tan com\u00fan en nuestras mesas, tan variada y rica como las<\/p>                    <div class=\"readmore-wrap\">\r\n                <a href=\"https:\/\/manzanasesperiegas.com\/index.php\/2023\/10\/25\/historia-y-origen-de-la-manzana-esperiega\/\" class=\"elth-bt-default\">\r\n                                        Read more   \r\n                                        \r\n                <\/a>\r\n            <\/div>\r\n            <\/div>\r\n<\/div>\r\n<\/div>\t<\/div>\r\n\t<\/div>\t\t<\/div>\n\t\t\t\t<\/div>\n\t\t\t\t\t<\/div>\n\t\t\t\t<\/div>\n\t\t\t\t<\/div>\n\t\t","protected":false},"excerpt":{"rendered":"<p>Noticias Blog Home Blog Productos: 0 10 12 16 20 24 ManzaEspe | 25 de octubre de 2023 La Manzana Esperiega en el Mercado Digital: \u00bfPor qu\u00e9 comprar online? Las manzanas esperiegas, con su dulzura caracter\u00edstica y su piel rojiza, son un Read more ManzaEspe | 25 de octubre de 2023 El Proceso de Cultivo: [&hellip;]<\/p>\n","protected":false},"author":1,"featured_media":0,"parent":0,"menu_order":0,"comment_status":"closed","ping_status":"closed","template":"elementor_header_footer","meta":{"footnotes":""},"class_list":["post-140","page","type-page","status-publish","hentry"],"jetpack_sharing_enabled":true,"_links":{"self":[{"href":"https:\/\/manzanasesperiegas.com\/index.php\/wp-json\/wp\/v2\/pages\/140"}],"collection":[{"href":"https:\/\/manzanasesperiegas.com\/index.php\/wp-json\/wp\/v2\/pages"}],"about":[{"href":"https:\/\/manzanasesperiegas.com\/index.php\/wp-json\/wp\/v2\/types\/page"}],"author":[{"embeddable":true,"href":"https:\/\/manzanasesperiegas.com\/index.php\/wp-json\/wp\/v2\/users\/1"}],"replies":[{"embeddable":true,"href":"https:\/\/manzanasesperiegas.com\/index.php\/wp-json\/wp\/v2\/comments?post=140"}],"version-history":[{"count":19,"href":"https:\/\/manzanasesperiegas.com\/index.php\/wp-json\/wp\/v2\/pages\/140\/revisions"}],"predecessor-version":[{"id":3014,"href":"https:\/\/manzanasesperiegas.com\/index.php\/wp-json\/wp\/v2\/pages\/140\/revisions\/3014"}],"wp:attachment":[{"href":"https:\/\/manzanasesperiegas.com\/index.php\/wp-json\/wp\/v2\/media?parent=140"}],"curies":[{"name":"wp","href":"https:\/\/api.w.org\/{rel}","templated":true}]}}