{"id":2919,"date":"2023-10-04T18:16:40","date_gmt":"2023-10-04T16:16:40","guid":{"rendered":"https:\/\/manzanasesperiegas.com\/?page_id=2919"},"modified":"2023-11-02T15:14:19","modified_gmt":"2023-11-02T14:14:19","slug":"aviso-legal","status":"publish","type":"page","link":"https:\/\/manzanasesperiegas.com\/index.php\/aviso-legal\/","title":{"rendered":"Aviso Legal"},"content":{"rendered":"<p><strong>AVISO LEGAL<\/strong><\/p><p><strong>1. IDENTIFICACI\u00d3N DEL TITULAR<\/strong><\/p><p>El presente sitio web manzanasesperiegas.com (en adelante, el &#8220;Sitio Web&#8221;) es propiedad de <\/p><p>Vircoop cv, en AVDA. VALENCIA, 98<\/p><p>Ademuz (Valencia). F-97653356<\/p><p><strong>2. CONDICIONES DE USO<\/strong><\/p><p>El acceso y uso del Sitio Web implica que el usuario (en adelante, el &#8220;Usuario&#8221;) acepta en su totalidad y se obliga a cumplir completamente los t\u00e9rminos y condiciones aqu\u00ed contenidos.<\/p><p><strong>3. PROPIEDAD INTELECTUAL E INDUSTRIAL<\/strong><\/p><p>Todos los derechos de propiedad intelectual e industrial del Sitio Web, as\u00ed como de los elementos contenidos en el mismo (incluyendo, entre otros, textos, im\u00e1genes, dise\u00f1o, logos, software, etc.) pertenecen a Vircoop CV o, en su caso, a terceros.<\/p><p><strong>4. EXCLUSI\u00d3N DE GARANT\u00cdAS Y RESPONSABILIDAD<\/strong><\/p><p>Vircoop CV no se hace responsable, en ning\u00fan caso, de los da\u00f1os y perjuicios de cualquier naturaleza que pudieran ocasionar, a t\u00edtulo enunciativo: errores u omisiones en los contenidos, falta de disponibilidad del portal, o la transmisi\u00f3n de virus o programas maliciosos en los contenidos, a pesar de haber adoptado todas las medidas tecnol\u00f3gicas necesarias para evitarlo.<\/p><p><strong>5. MODIFICACIONES<\/strong><\/p><p>Vircoop CV se reserva el derecho de efectuar sin previo aviso las modificaciones que considere oportunas en su portal.<\/p><p><strong>6. ENLACES<\/strong><\/p><p>En el caso de que en el Sitio Web se dispongan enlaces o hiperv\u00ednculos hacia otros sitios de Internet, Vircoop CV no ejercer\u00e1 ning\u00fan tipo de control sobre dichos sitios y contenidos.<\/p><p><strong>7. DERECHO DE EXCLUSI\u00d3N<\/strong><\/p><p>Vircoop CV se reserva el derecho a denegar o retirar el acceso al portal y\/o los servicios ofrecidos sin necesidad de preaviso a aquellos usuarios que incumplan el presente aviso legal.<\/p><p><strong>8. LEGISLACI\u00d3N Y JURISDICCI\u00d3N APLICABLE<\/strong><\/p><p>La relaci\u00f3n entre Vircoop CV y el Usuario se regir\u00e1 por la legislaci\u00f3n espa\u00f1ola vigente y cualquier controversia se someter\u00e1 a los Juzgados y tribunales del domicilio de Valencia.<\/p>","protected":false},"excerpt":{"rendered":"<p>AVISO LEGAL 1. IDENTIFICACI\u00d3N DEL TITULAR El presente sitio web manzanasesperiegas.com (en adelante, el &#8220;Sitio Web&#8221;) es propiedad de Vircoop cv, en AVDA. VALENCIA, 98 Ademuz (Valencia). F-97653356 2. CONDICIONES DE USO El acceso y uso del Sitio Web implica que el usuario (en adelante, el &#8220;Usuario&#8221;) acepta en su totalidad y se obliga a [&hellip;]<\/p>\n","protected":false},"author":1,"featured_media":0,"parent":0,"menu_order":0,"comment_status":"closed","ping_status":"closed","template":"","meta":{"footnotes":""},"class_list":["post-2919","page","type-page","status-publish","hentry"],"jetpack_sharing_enabled":true,"_links":{"self":[{"href":"https:\/\/manzanasesperiegas.com\/index.php\/wp-json\/wp\/v2\/pages\/2919"}],"collection":[{"href":"https:\/\/manzanasesperiegas.com\/index.php\/wp-json\/wp\/v2\/pages"}],"about":[{"href":"https:\/\/manzanasesperiegas.com\/index.php\/wp-json\/wp\/v2\/types\/page"}],"author":[{"embeddable":true,"href":"https:\/\/manzanasesperiegas.com\/index.php\/wp-json\/wp\/v2\/users\/1"}],"replies":[{"embeddable":true,"href":"https:\/\/manzanasesperiegas.com\/index.php\/wp-json\/wp\/v2\/comments?post=2919"}],"version-history":[{"count":2,"href":"https:\/\/manzanasesperiegas.com\/index.php\/wp-json\/wp\/v2\/pages\/2919\/revisions"}],"predecessor-version":[{"id":3054,"href":"https:\/\/manzanasesperiegas.com\/index.php\/wp-json\/wp\/v2\/pages\/2919\/revisions\/3054"}],"wp:attachment":[{"href":"https:\/\/manzanasesperiegas.com\/index.php\/wp-json\/wp\/v2\/media?parent=2919"}],"curies":[{"name":"wp","href":"https:\/\/api.w.org\/{rel}","templated":true}]}}